{"id":550,"date":"2020-04-22T16:59:14","date_gmt":"2020-04-22T15:59:14","guid":{"rendered":"https:\/\/adriadapt.eu\/?page_id=550"},"modified":"2021-04-22T15:41:07","modified_gmt":"2021-04-22T14:41:07","slug":"provedba-plana","status":"publish","type":"page","link":"http:\/\/www.adriadapt.eu\/hr\/alat-za-integralno-planiranje-prilagodbe\/provedba-plana\/","title":{"rendered":"Provedba plana"},"content":{"rendered":"\n<p><strong>Korak 5. Provedba, pra\u0107enje i procjena plana<\/strong><\/p>\n\n\n\n<p>Nakon izrade plana, zapo\u010dinje glavni dio rada na prilagodbi. Provedba uvijek predstavlja izazov i mogu se o\u010dekivati razli\u010dita ograni\u010denja i prepreke. Va\u017eno je dobro se pripremiti kako bi se izbjegla sudbina strategija i planova koji \u010desto ostaju tek mrtvo slovo na papiru. Odobrenje ili usvajanje plana prilagodbe prvi je klju\u010dan korak na putu prema provedbi. Bez obzira na njegovu va\u017enost, taj korak sam po sebi nije dovoljan i glavna skupina zadu\u017eena za izradu plana treba postaviti i temelje za njegovu provedbu i izraditi konkretan program pra\u0107enja, izvje\u0161tavanja i vrednovanja (MRE).<\/p>\n\n\n\n<ul><li>Definiranje temeljnih elemenata za provedbu plana<\/li><\/ul>\n\n\n\n<p>Prilago\u0111avanje klimatskim promjenama je me\u0111usektorski, vi\u0161erazinski i vi\u0161edimenzionalni proces koji se odnosi na sve sfere dru\u0161tva i zahtijeva akciju na vi\u0161e razina. Kao takva, provedba plana prilagodbe zahtijeva odgovaraju\u0107e institucionalne postavke i okvire <em>governancea<\/em> kako bi se osigurala u\u010dinkovita, koherentna i kontinuirana provedba. Koordinacija i suradnja horizontalne i vertikalne razine <em>governancea<\/em> potrebne su kako bi se prilagodbu moglo integrirati u sva relevantna podru\u010dja politika, na svim razinama. Upravo je posve\u0107eni tim lokalnih i podnacionalnih lidera koje podr\u017eavaju znanstvenici i predstavnici lokalnog poslovnog sektora i civilnog dru\u0161tva presudan za uspje\u0161nu provedbu. Okupljanje takvog tima (bilo da se radi o upravlja\u010dkom tijelu, odboru ili drugom srodnom tijelu) jedan je od prvih zadataka nakon usvajanja plana. Provedbeni tim mo\u017ee biti isti tim koji je zadu\u017een za koordinaciju izrade plana (vidi korak 1) ili neki drugi tim. Takav se tim poti\u010de na interakciju sa \u0161irokim krugom subjekata koji su izravno uklju\u010deni u transformaciju \u017eeljenih mjera prilagodbe u konkretnu akciju. Jasne ovlasti zasnovane na politikama osna\u017euju tim koji koordinira fazom provedbe, definira ciljeve provedbe, usmjerava proces dono\u0161enja odluka i pravila za njegovo funkcioniranje.<\/p>\n\n\n\n<ul><li>Uklju\u010divanje plana u druge postoje\u0107e ili budu\u0107e instrumente<\/li><\/ul>\n\n\n\n<p>Prilagodba se ne mo\u017ee provoditi odvojeno od postoje\u0107ih politika i okvira planiranja, budu\u0107i da se odnosi kako na me\u0111usektorska (npr. strategije i planove odr\u017eivog razvoja, urbanisti\u010dke planove, integralne planove upravljanja obalnim podru\u010djem, morske prostorne planove, itd.), tako i na sektorska pitanja (npr. gra\u0111evinske propise, planove upravljanja vodama, planove za\u0161tite zdravlja, planove upravljanja prometom itd.). Pojedine se mjere mogu provesti kao izravna posljedica plana prilagodbe, pomo\u0107u&nbsp; posebnih, namjenskih sredstava. Integriranje (uklju\u010divanje) nekih drugih mjera prilagodbe u postoje\u0107e instrumente politika mo\u017ee pove\u0107ati vidljivost cjelokupnog procesa prilagodbe, razviti sinergije i ubla\u017eiti konflikte me\u0111u politikama, osigurati u\u010dinkovitije kori\u0161tenje resursa i maksimizirati sukoristi. Osim planova, dostupan je \u0161iroki portfelj instrumenata za uklju\u010divanje prilagodbe na klimatske promjene u planove i programe, uklju\u010duju\u0107i pravne (npr. zakone, propise, neobvezuju\u0107e mjere kao \u0161to su standardi), ekonomske (npr. financiranje, poreze, naknade, bespovratna sredstva, zajmove), partnerske (npr. ugovore o javno-privatnom partnerstvu, dobrovoljne sporazume) i druge strate\u0161ke instrumente (npr. strategije, programe). Kako bi se premostio jaz izme\u0111u planiranja i provedbe potrebno je prepoznati postoje\u0107e instrumente u koje se prilagodba mo\u017ee najbolje uklopiti, kao i na\u010din na koji \u0107e se po potrebi ti instrumenti morati prilagoditi. Ova faza procesa tako\u0111er je korisna u procjeni vezanoj za realizaciju uspostave novih instrumenata za poticanje provedbe mjera prilagodbe. Analiza postoje\u0107ih i novih instrumenata zapo\u010dinje na samom po\u010detku procesa (korak 1); ova faza ima za cilj pru\u017eanje jasnih, operativnih pokazatelja o tome kako \u0107e se ti instrumenti koristiti u provedbi planiranih mjera prilagodbe.&nbsp;<\/p>\n\n\n\n<ul><li>Pra\u0107enje provedbe plana i procesa prilagodbe<\/li><\/ul>\n\n\n\n<p>Pra\u0107enje i procjena su\u0161tinske su sastavnice svakog procesa planiranja. To je posebno va\u017eno za prilagodbu, s obzirom na njezinu dugoro\u010dnu perspektivu i veliku nesigurnost koja odlikuje evoluciju klimatskog sustava i povezane u\u010dinke. Ovi su koraci klju\u010dni za procjenu napretka planiranih akcija, kao i provjeru stvarnih rezultata u odnosu na postavljene ciljeve kako bi se osiguralo da proces prilagodbe tijekom vremena bude u\u010dinkovit i odr\u017eiv. Va\u017eni elementi plana pra\u0107enja i procjene uklju\u010duju: ciljeve, metodolo\u0161ki pristup, odabir prikladnih pokazatelja i jasnu naznaku o tome kako koristiti rezultate procjene za pobolj\u0161anje budu\u0107ih aktivnosti. U obzir se mogu uzeti tri glavne kategorije pokazatelja:<\/p>\n\n\n\n<ul><li><em>Pokazatelji procesa<\/em>, koji za cilj imaju procijeniti kako se plan razvija, jesu li poduzeti svi potrebni koraci i uklju\u010deni svi potrebni dionici.<\/li><li><em>Pokazatelji uspje\u0161nosti<\/em>, kroz koje se procjenjuje primjenjuju li se mjere prilagodbe i na koji na\u010din, u skladu s ciljevima plana i programa njegove provedbe.<\/li><li><em>Pokazatelji u\u010dinka<\/em>, kroz koje se procjenjuju u\u010dinci provedenih mjera prilagodbe, u smislu smanjene ranjivosti i pove\u0107ane otpornosti na klimatske promjene, kao i postignute sukoristi.<\/li><\/ul>\n\n\n\n<p>Da bi pokazatelji bili stvarno korisni, moraju se nadopuniti povezanim ciljevima.<\/p>\n\n\n\n<ul><li>Revizija plana<\/li><\/ul>\n\n\n\n<p>Kvalitetan program pra\u0107enja i vrednovanja daje rezultate koji \u0107e ponuditi odgovore na brojna pitanja: Bavimo li se pravim stvarima? Radimo li sve kako treba? Kako napreduje provedba? Je li postavljeni okvir pra\u0107enja u\u010dinkovit? U kona\u010dnici, rezultati pra\u0107enja i vrednovanja mogu se koristiti za reviziju i izmjenu plana prilagodbe, koji bi se zapravo trebao smatrati \u017eivim dokumentom koji se neprekidno razvija.<\/p>\n\n\n\n<p><em><strong>Ishodi koraka 5:<\/strong><\/em><\/p>\n\n\n\n<ul><li>Odobrenje ili podr\u0161ka planu prilagodbe<\/li><li>Postavljanje okvira <em>governancea<\/em> za provedbu plana<\/li><li>Instrumenti politike za integraciju prilagodbe klimatskim promjenama<\/li><li>Sustav za pra\u0107enje, izvje\u0161tavanje i vrednovanje (MRE) prilagodbe, uklju\u010duju\u0107i pokazatelje prilagodbe.<\/li><\/ul>\n\n\n\n<p>Primjer pra\u0107enja i vrednovanja:Pri izradi Obalnog plana \u0160ibensko-kninske \u017eupanije 2015. godine, jedna od mjera za uvo\u0111enje&nbsp; sustava upravljanja bilo je osnivanje \u017dupanijskog odbora za IUOP. \u010clanovi odbora \u010delnici su razli\u010ditih \u017eupanijskih institucija i drugi relevantni dionici, a zada\u0107a odbora jest pru\u017eiti podr\u0161ku u provedbi te nadgledati i vrednovati napredak u provedbi Obalnog plana. \u017dupanijski odbor sastaje se najmanje jednom godi\u0161nje kako bi razgovarao o napretku provedbe, stanju okoli\u0161a obalnog podru\u010dja, novim izazovima i mogu\u0107nostima, kao i o procjeni uspje\u0161nosti provedbe predlo\u017eenih mjera.<\/p>\n","protected":false},"excerpt":{"rendered":"<p>Korak 5. Provedba, pra\u0107enje i procjena plana Nakon izrade plana, zapo\u010dinje glavni dio rada na prilagodbi. Provedba uvijek predstavlja izazov i mogu se o\u010dekivati razli\u010dita ograni\u010denja i prepreke. Va\u017eno je dobro se pripremiti kako<\/p>\n","protected":false},"author":1,"featured_media":0,"parent":391,"menu_order":5,"comment_status":"closed","ping_status":"closed","template":"","meta":[],"acf":[],"yoast_head":"<!-- This site is optimized with the Yoast SEO plugin v19.14 - https:\/\/yoast.com\/wordpress\/plugins\/seo\/ -->\n<title>Provedba plana - AdriAdapt<\/title>\n<meta name=\"description\" content=\"Korak 5. Provedba, pra\u0107enje i procjena plana Nakon izrade plana, zapo\u010dinje glavni dio rada na prilagodbi. Provedba uvijek predstavlja izazov i mogu se\" \/>\n<meta name=\"robots\" content=\"index, follow, max-snippet:-1, max-image-preview:large, max-video-preview:-1\" \/>\n<link rel=\"canonical\" href=\"http:\/\/www.adriadapt.eu\/hr\/alat-za-integralno-planiranje-prilagodbe\/provedba-plana\/\" \/>\n<meta property=\"og:locale\" content=\"hr_HR\" \/>\n<meta property=\"og:type\" content=\"article\" \/>\n<meta property=\"og:title\" content=\"Provedba plana - AdriAdapt\" \/>\n<meta property=\"og:description\" content=\"Korak 5. Provedba, pra\u0107enje i procjena plana Nakon izrade plana, zapo\u010dinje glavni dio rada na prilagodbi. Provedba uvijek predstavlja izazov i mogu se\" \/>\n<meta property=\"og:url\" content=\"http:\/\/www.adriadapt.eu\/hr\/alat-za-integralno-planiranje-prilagodbe\/provedba-plana\/\" \/>\n<meta property=\"og:site_name\" content=\"AdriAdapt\" \/>\n<meta property=\"article:modified_time\" content=\"2021-04-22T14:41:07+00:00\" \/>\n<meta name=\"twitter:card\" content=\"summary_large_image\" \/>\n<meta name=\"twitter:label1\" content=\"Procijenjeno vrijeme \u010ditanja\" \/>\n\t<meta name=\"twitter:data1\" content=\"4 minute\" \/>\n<script type=\"application\/ld+json\" class=\"yoast-schema-graph\">{\"@context\":\"https:\/\/schema.org\",\"@graph\":[{\"@type\":\"WebPage\",\"@id\":\"http:\/\/www.adriadapt.eu\/hr\/alat-za-integralno-planiranje-prilagodbe\/provedba-plana\/\",\"url\":\"http:\/\/www.adriadapt.eu\/hr\/alat-za-integralno-planiranje-prilagodbe\/provedba-plana\/\",\"name\":\"Provedba plana - AdriAdapt\",\"isPartOf\":{\"@id\":\"https:\/\/adriadapt.eu\/#website\"},\"datePublished\":\"2020-04-22T15:59:14+00:00\",\"dateModified\":\"2021-04-22T14:41:07+00:00\",\"description\":\"Korak 5. Provedba, pra\u0107enje i procjena plana Nakon izrade plana, zapo\u010dinje glavni dio rada na prilagodbi. Provedba uvijek predstavlja izazov i mogu se\",\"breadcrumb\":{\"@id\":\"http:\/\/www.adriadapt.eu\/hr\/alat-za-integralno-planiranje-prilagodbe\/provedba-plana\/#breadcrumb\"},\"inLanguage\":\"hr\",\"potentialAction\":[{\"@type\":\"ReadAction\",\"target\":[\"http:\/\/www.adriadapt.eu\/hr\/alat-za-integralno-planiranje-prilagodbe\/provedba-plana\/\"]}]},{\"@type\":\"BreadcrumbList\",\"@id\":\"http:\/\/www.adriadapt.eu\/hr\/alat-za-integralno-planiranje-prilagodbe\/provedba-plana\/#breadcrumb\",\"itemListElement\":[{\"@type\":\"ListItem\",\"position\":1,\"name\":\"Home\",\"item\":\"https:\/\/adriadapt.eu\/hr\/\"},{\"@type\":\"ListItem\",\"position\":2,\"name\":\"Alat za integralno planiranje prilagodbe\",\"item\":\"http:\/\/adriadapt.eu\/hr\/alat-za-integralno-planiranje-prilagodbe\/\"},{\"@type\":\"ListItem\",\"position\":3,\"name\":\"Provedba plana\"}]},{\"@type\":\"WebSite\",\"@id\":\"https:\/\/adriadapt.eu\/#website\",\"url\":\"https:\/\/adriadapt.eu\/\",\"name\":\"AdriAdapt\",\"description\":\"a Resilience information platform for Adriatic cities and towns\",\"potentialAction\":[{\"@type\":\"SearchAction\",\"target\":{\"@type\":\"EntryPoint\",\"urlTemplate\":\"https:\/\/adriadapt.eu\/?s={search_term_string}\"},\"query-input\":\"required name=search_term_string\"}],\"inLanguage\":\"hr\"}]}<\/script>\n<!-- \/ Yoast SEO plugin. -->","yoast_head_json":{"title":"Provedba plana - AdriAdapt","description":"Korak 5. Provedba, pra\u0107enje i procjena plana Nakon izrade plana, zapo\u010dinje glavni dio rada na prilagodbi. Provedba uvijek predstavlja izazov i mogu se","robots":{"index":"index","follow":"follow","max-snippet":"max-snippet:-1","max-image-preview":"max-image-preview:large","max-video-preview":"max-video-preview:-1"},"canonical":"http:\/\/www.adriadapt.eu\/hr\/alat-za-integralno-planiranje-prilagodbe\/provedba-plana\/","og_locale":"hr_HR","og_type":"article","og_title":"Provedba plana - AdriAdapt","og_description":"Korak 5. Provedba, pra\u0107enje i procjena plana Nakon izrade plana, zapo\u010dinje glavni dio rada na prilagodbi. Provedba uvijek predstavlja izazov i mogu se","og_url":"http:\/\/www.adriadapt.eu\/hr\/alat-za-integralno-planiranje-prilagodbe\/provedba-plana\/","og_site_name":"AdriAdapt","article_modified_time":"2021-04-22T14:41:07+00:00","twitter_card":"summary_large_image","twitter_misc":{"Procijenjeno vrijeme \u010ditanja":"4 minute"},"schema":{"@context":"https:\/\/schema.org","@graph":[{"@type":"WebPage","@id":"http:\/\/www.adriadapt.eu\/hr\/alat-za-integralno-planiranje-prilagodbe\/provedba-plana\/","url":"http:\/\/www.adriadapt.eu\/hr\/alat-za-integralno-planiranje-prilagodbe\/provedba-plana\/","name":"Provedba plana - AdriAdapt","isPartOf":{"@id":"https:\/\/adriadapt.eu\/#website"},"datePublished":"2020-04-22T15:59:14+00:00","dateModified":"2021-04-22T14:41:07+00:00","description":"Korak 5. Provedba, pra\u0107enje i procjena plana Nakon izrade plana, zapo\u010dinje glavni dio rada na prilagodbi. Provedba uvijek predstavlja izazov i mogu se","breadcrumb":{"@id":"http:\/\/www.adriadapt.eu\/hr\/alat-za-integralno-planiranje-prilagodbe\/provedba-plana\/#breadcrumb"},"inLanguage":"hr","potentialAction":[{"@type":"ReadAction","target":["http:\/\/www.adriadapt.eu\/hr\/alat-za-integralno-planiranje-prilagodbe\/provedba-plana\/"]}]},{"@type":"BreadcrumbList","@id":"http:\/\/www.adriadapt.eu\/hr\/alat-za-integralno-planiranje-prilagodbe\/provedba-plana\/#breadcrumb","itemListElement":[{"@type":"ListItem","position":1,"name":"Home","item":"https:\/\/adriadapt.eu\/hr\/"},{"@type":"ListItem","position":2,"name":"Alat za integralno planiranje prilagodbe","item":"http:\/\/adriadapt.eu\/hr\/alat-za-integralno-planiranje-prilagodbe\/"},{"@type":"ListItem","position":3,"name":"Provedba plana"}]},{"@type":"WebSite","@id":"https:\/\/adriadapt.eu\/#website","url":"https:\/\/adriadapt.eu\/","name":"AdriAdapt","description":"a Resilience information platform for Adriatic cities and towns","potentialAction":[{"@type":"SearchAction","target":{"@type":"EntryPoint","urlTemplate":"https:\/\/adriadapt.eu\/?s={search_term_string}"},"query-input":"required name=search_term_string"}],"inLanguage":"hr"}]}},"_links":{"self":[{"href":"http:\/\/www.adriadapt.eu\/hr\/wp-json\/wp\/v2\/pages\/550"}],"collection":[{"href":"http:\/\/www.adriadapt.eu\/hr\/wp-json\/wp\/v2\/pages"}],"about":[{"href":"http:\/\/www.adriadapt.eu\/hr\/wp-json\/wp\/v2\/types\/page"}],"author":[{"embeddable":true,"href":"http:\/\/www.adriadapt.eu\/hr\/wp-json\/wp\/v2\/users\/1"}],"replies":[{"embeddable":true,"href":"http:\/\/www.adriadapt.eu\/hr\/wp-json\/wp\/v2\/comments?post=550"}],"version-history":[{"count":4,"href":"http:\/\/www.adriadapt.eu\/hr\/wp-json\/wp\/v2\/pages\/550\/revisions"}],"predecessor-version":[{"id":1203,"href":"http:\/\/www.adriadapt.eu\/hr\/wp-json\/wp\/v2\/pages\/550\/revisions\/1203"}],"up":[{"embeddable":true,"href":"http:\/\/www.adriadapt.eu\/hr\/wp-json\/wp\/v2\/pages\/391"}],"wp:attachment":[{"href":"http:\/\/www.adriadapt.eu\/hr\/wp-json\/wp\/v2\/media?parent=550"}],"curies":[{"name":"wp","href":"https:\/\/api.w.org\/{rel}","templated":true}]}}